{"id":2627,"date":"2024-06-04T00:13:27","date_gmt":"2024-06-04T05:13:27","guid":{"rendered":"https:\/\/ghistoursandtransfers.com\/qui-sommes-nous\/"},"modified":"2025-01-30T22:59:02","modified_gmt":"2025-01-31T03:59:02","slug":"qui-sommes-nous","status":"publish","type":"page","link":"https:\/\/ghistoursandtransfers.com\/fr\/qui-sommes-nous\/","title":{"rendered":"Qui sommes-nous"},"content":{"rendered":"\t\t<div data-elementor-type=\"wp-page\" data-elementor-id=\"2627\" class=\"elementor elementor-2627 elementor-455\" data-elementor-post-type=\"page\">\n\t\t\t\t<div class=\"elementor-element elementor-element-4f076ab e-flex e-con-boxed e-con e-parent\" data-id=\"4f076ab\" data-element_type=\"container\" data-settings=\"{&quot;background_background&quot;:&quot;classic&quot;}\">\n\t\t\t\t\t<div class=\"e-con-inner\">\n\t\t\t\t<div class=\"elementor-element elementor-element-32c378a elementor-widget elementor-widget-heading\" data-id=\"32c378a\" data-element_type=\"widget\" data-widget_type=\"heading.default\">\n\t\t\t\t<div class=\"elementor-widget-container\">\n\t\t\t\t\t<h2 class=\"elementor-heading-title elementor-size-default\">Qui sommes-nous<\/h2>\t\t\t\t<\/div>\n\t\t\t\t<\/div>\n\t\t\t\t\t<\/div>\n\t\t\t\t<\/div>\n\t\t<div class=\"elementor-element elementor-element-5484d62 e-flex e-con-boxed e-con e-parent\" data-id=\"5484d62\" data-element_type=\"container\">\n\t\t\t\t\t<div class=\"e-con-inner\">\n\t\t<div class=\"elementor-element elementor-element-4e1c078 e-con-full e-flex e-con e-child\" data-id=\"4e1c078\" data-element_type=\"container\">\n\t\t\t\t<div class=\"elementor-element elementor-element-8f2fb3b elementor-widget elementor-widget-text-editor\" data-id=\"8f2fb3b\" data-element_type=\"widget\" data-widget_type=\"text-editor.default\">\n\t\t\t\t<div class=\"elementor-widget-container\">\n\t\t\t\t\t\t\t\t\t<p><span style=\"font-weight: bold;\">Notre mission:<\/span><\/p>\n<p><span style=\"color: var( --e-global-color-text ); font-family: var( --e-global-typography-text-font-family ), Sans-serif; font-size: var( --e-global-typography-text-font-size ); font-weight: var( --e-global-typography-text-font-weight );\">Nous nous engageons \u00e0 g\u00e9n\u00e9rer une approche internationale d&rsquo;exp\u00e9riences uniques pour tout \u00e2ge, c\u00e9l\u00e9bration, lieu et saison avec une logistique durable et transparente.<\/span><\/p>\n<p><b>Que va-t-il vous arriver ? Et comment faisons-nous ? <\/b><\/p>\n<p><em>Ghis Tours &amp; Transfers<\/em> aide les voyageurs comme vous \u00e0 r\u00e9server des visites, des services et des activit\u00e9s directement aupr\u00e8s des voyagistes avant ou pendant votre voyage, vous permettant ainsi de b\u00e9n\u00e9ficier de 2 avantages cl\u00e9s : vous obtenez des prix sans interm\u00e9diaires, vous avez un contact direct avec les fournisseurs \u00e0 tout moment et, bien s\u00fbr, nous serons l\u00e0 pour vous soutenir quand vous en avez besoin.<\/p>\n<p><b>Quels types de services offrons-nous ?<\/b><\/p>\n<p>Tours, exp\u00e9riences, activit\u00e9s des plus relaxantes (SPA, Temazcal&#8230;) aux plus extr\u00eames (Tyroliennes, Plong\u00e9e profonde, Parachutisme&#8230;). En plus des services alternatifs tels que la location de voitures, la location de yachts, les services de chauffeur priv\u00e9 et bien plus encore&#8230; <\/p>\n<p><b>Que comprenons-nous de vos raisons de voyager ?<\/b><\/p>\n<p>Nous savons que si vous \u00eates en lune de miel, que vous voyagez en groupe pour c\u00e9l\u00e9brer un mariage, un anniversaire, un divorce, un enterrement de vie de jeune fille\/gar\u00e7on, une remise de dipl\u00f4me ou vos vacances tant attendues ; Vous aurez des int\u00e9r\u00eats diff\u00e9rents dans des activit\u00e9s qui rendront ce voyage m\u00e9morable.<\/p>\n<p>Nous en avons donc s\u00e9lectionn\u00e9 une grande vari\u00e9t\u00e9, dans de multiples destinations, pour que le plaisir que vous recherchez dans vos voyages devienne r\u00e9alit\u00e9 ! <\/p>\n<p><b>\u00c0 propos de notre fondateur visionnaire et charismatique :<\/b><\/p>\n<p><em>\u201cLes voyages forment la jeunesse\u201d<\/em> Sa m\u00e8re le lui a r\u00e9p\u00e9t\u00e9 \u00e0 maintes reprises, \u00e0 tel point que les ailes de notre fondatrice Paty Fischer l&rsquo;ont transport\u00e9e, il y a 30 ans, depuis l europe au continent americain.<\/p>\n<p><i>Puis sa passion pour visiter le monde est n\u00e9e, en recueillant les besoins des voyageurs comme vous, \u00e0 partir de tant de ses merveilleux voyages et elle a d\u00e9cid\u00e9 de mettre \u00e0 jour les informations sur les activit\u00e9s, les services et les circuits qui l&rsquo;int\u00e9ressent dans chaque destination. D\u2019autre part, elle a r\u00e9uni tous les meilleurs fournisseurs, qui r\u00e9pondent \u00e0 l\u2019\u00e9ventail de valeurs et d\u2019excellence dans leur logistique op\u00e9rationnelle pour vous apporter confiance et tranquillit\u00e9 d\u2019esprit\u201d  <\/i><\/p>\n<p>\u00ab GHIS, c&rsquo;est simplement son nom, c&rsquo;est ma reine, ma guerri\u00e8re. Sa vie exemplaire m&rsquo;a fait suivre ses traces dans le m\u00e9tier des vacances. Je sais qu&rsquo;elle serait honor\u00e9e de savoir que sa marque restera gr\u00e2ce \u00e0 ma contribution au monde du voyage. Pour moi, c&rsquo;est comme garder sa m\u00e9moire vivante.\u00a0\u00bb <\/p>\n\t\t\t\t\t\t\t\t<\/div>\n\t\t\t\t<\/div>\n\t\t\t\t<\/div>\n\t\t<div class=\"elementor-element elementor-element-87f6153 e-con-full e-flex e-con e-child\" data-id=\"87f6153\" data-element_type=\"container\">\n\t\t<div class=\"elementor-element elementor-element-45898b1 e-flex e-con-boxed e-con e-child\" data-id=\"45898b1\" data-element_type=\"container\">\n\t\t\t\t\t<div class=\"e-con-inner\">\n\t\t\t\t<div class=\"elementor-element elementor-element-93875fe elementor-widget elementor-widget-image\" data-id=\"93875fe\" data-element_type=\"widget\" data-widget_type=\"image.default\">\n\t\t\t\t<div class=\"elementor-widget-container\">\n\t\t\t\t\t\t\t\t\t\t\t\t\t\t\t<img decoding=\"async\" src=\"https:\/\/ghistoursandtransfers.com\/wp-content\/uploads\/2024\/05\/ghis-tours-and-transfers-a1.png\" title=\"\" alt=\"\" loading=\"lazy\" \/>\t\t\t\t\t\t\t\t\t\t\t\t\t\t\t<\/div>\n\t\t\t\t<\/div>\n\t\t\t\t\t<\/div>\n\t\t\t\t<\/div>\n\t\t<div class=\"elementor-element elementor-element-3807b9f e-flex e-con-boxed e-con e-child\" data-id=\"3807b9f\" data-element_type=\"container\">\n\t\t\t\t\t<div class=\"e-con-inner\">\n\t\t\t\t<div class=\"elementor-element elementor-element-7edb04f elementor-widget elementor-widget-image\" data-id=\"7edb04f\" data-element_type=\"widget\" data-widget_type=\"image.default\">\n\t\t\t\t<div class=\"elementor-widget-container\">\n\t\t\t\t\t\t\t\t\t\t\t\t\t\t\t<img fetchpriority=\"high\" decoding=\"async\" width=\"800\" height=\"800\" src=\"https:\/\/ghistoursandtransfers.com\/wp-content\/uploads\/2024\/05\/4-1-1024x1024.webp\" class=\"attachment-large size-large wp-image-1741\" alt=\"\" srcset=\"https:\/\/ghistoursandtransfers.com\/wp-content\/uploads\/2024\/05\/4-1-1024x1024.webp 1024w, https:\/\/ghistoursandtransfers.com\/wp-content\/uploads\/2024\/05\/4-1-300x300.webp 300w, https:\/\/ghistoursandtransfers.com\/wp-content\/uploads\/2024\/05\/4-1-100x100.webp 100w, https:\/\/ghistoursandtransfers.com\/wp-content\/uploads\/2024\/05\/4-1-600x600.webp 600w, https:\/\/ghistoursandtransfers.com\/wp-content\/uploads\/2024\/05\/4-1-64x64.webp 64w, https:\/\/ghistoursandtransfers.com\/wp-content\/uploads\/2024\/05\/4-1-150x150.webp 150w, https:\/\/ghistoursandtransfers.com\/wp-content\/uploads\/2024\/05\/4-1-768x768.webp 768w, https:\/\/ghistoursandtransfers.com\/wp-content\/uploads\/2024\/05\/4-1.webp 1080w\" sizes=\"(max-width: 800px) 100vw, 800px\" \/>\t\t\t\t\t\t\t\t\t\t\t\t\t\t\t<\/div>\n\t\t\t\t<\/div>\n\t\t\t\t\t<\/div>\n\t\t\t\t<\/div>\n\t\t\t\t<\/div>\n\t\t\t\t\t<\/div>\n\t\t\t\t<\/div>\n\t\t\t\t<\/div>\n\t\t\n    <div class=\"xs_social_share_widget xs_share_url after_content \t\tmain_content  wslu-style-1 wslu-share-box-shaped wslu-fill-colored wslu-none wslu-share-horizontal wslu-theme-font-no wslu-main_content\">\n\n\t\t\n        <ul>\n\t\t\t        <\/ul>\n    <\/div> \n","protected":false},"excerpt":{"rendered":"<p>Notre mission: Nous nous engageons \u00e0 g\u00e9n\u00e9rer une approche internationale d&rsquo;exp\u00e9riences uniques pour tout \u00e2ge, c\u00e9l\u00e9bration, lieu et saison avec une logistique durable et transparente. Que va-t-il vous arriver ? Et comment faisons-nous ? Ghis Tours &amp; Transfers aide les voyageurs comme vous \u00e0 r\u00e9server des visites, des services et des activit\u00e9s directement aupr\u00e8s des [&hellip;]<\/p>\n","protected":false},"author":1,"featured_media":0,"parent":0,"menu_order":0,"comment_status":"closed","ping_status":"closed","template":"","meta":{"_joinchat":[],"footnotes":""},"class_list":["post-2627","page","type-page","status-publish","hentry"],"_links":{"self":[{"href":"https:\/\/ghistoursandtransfers.com\/fr\/wp-json\/wp\/v2\/pages\/2627","targetHints":{"allow":["GET"]}}],"collection":[{"href":"https:\/\/ghistoursandtransfers.com\/fr\/wp-json\/wp\/v2\/pages"}],"about":[{"href":"https:\/\/ghistoursandtransfers.com\/fr\/wp-json\/wp\/v2\/types\/page"}],"author":[{"embeddable":true,"href":"https:\/\/ghistoursandtransfers.com\/fr\/wp-json\/wp\/v2\/users\/1"}],"replies":[{"embeddable":true,"href":"https:\/\/ghistoursandtransfers.com\/fr\/wp-json\/wp\/v2\/comments?post=2627"}],"version-history":[{"count":10,"href":"https:\/\/ghistoursandtransfers.com\/fr\/wp-json\/wp\/v2\/pages\/2627\/revisions"}],"predecessor-version":[{"id":4157,"href":"https:\/\/ghistoursandtransfers.com\/fr\/wp-json\/wp\/v2\/pages\/2627\/revisions\/4157"}],"wp:attachment":[{"href":"https:\/\/ghistoursandtransfers.com\/fr\/wp-json\/wp\/v2\/media?parent=2627"}],"curies":[{"name":"wp","href":"https:\/\/api.w.org\/{rel}","templated":true}]}}