{"id":2706,"date":"2024-06-21T16:24:57","date_gmt":"2024-06-21T21:24:57","guid":{"rendered":"https:\/\/ghistoursandtransfers.com\/rejoindre\/"},"modified":"2024-10-10T19:59:32","modified_gmt":"2024-10-11T00:59:32","slug":"rejoindre","status":"publish","type":"page","link":"https:\/\/ghistoursandtransfers.com\/fr\/rejoindre\/","title":{"rendered":"Rejoindre"},"content":{"rendered":"\t\t<div data-elementor-type=\"wp-page\" data-elementor-id=\"2706\" class=\"elementor elementor-2706 elementor-922\" data-elementor-post-type=\"page\">\n\t\t\t\t<div class=\"elementor-element elementor-element-5d78b49 e-flex e-con-boxed e-con e-parent\" data-id=\"5d78b49\" data-element_type=\"container\" data-settings=\"{&quot;background_background&quot;:&quot;classic&quot;}\">\n\t\t\t\t\t<div class=\"e-con-inner\">\n\t\t<div class=\"elementor-element elementor-element-ad288e1 e-con-full e-flex e-con e-child\" data-id=\"ad288e1\" data-element_type=\"container\">\n\t\t<div class=\"elementor-element elementor-element-4e3df86 e-con-full e-flex e-con e-child\" data-id=\"4e3df86\" data-element_type=\"container\">\n\t\t\t\t<\/div>\n\t\t<div class=\"elementor-element elementor-element-aee76b3 e-con-full e-flex e-con e-child\" data-id=\"aee76b3\" data-element_type=\"container\">\n\t\t\t\t<div class=\"elementor-element elementor-element-3dee27d elementor-widget elementor-widget-heading\" data-id=\"3dee27d\" data-element_type=\"widget\" data-widget_type=\"heading.default\">\n\t\t\t\t<div class=\"elementor-widget-container\">\n\t\t\t\t\t<h2 class=\"elementor-heading-title elementor-size-default\">Cela pourrait \u00eatre votre tourn\u00e9e !<\/h2>\t\t\t\t<\/div>\n\t\t\t\t<\/div>\n\t\t\t\t<div class=\"elementor-element elementor-element-090743d elementor-widget elementor-widget-heading\" data-id=\"090743d\" data-element_type=\"widget\" data-widget_type=\"heading.default\">\n\t\t\t\t<div class=\"elementor-widget-container\">\n\t\t\t\t\t<h2 class=\"elementor-heading-title elementor-size-default\">Selon la soci\u00e9t\u00e9 Statista, chaque ann\u00e9e, plus de 290 000 000 de touristes r\u00e9servent des circuits et des activit\u00e9s dans le monde entier et vous pouvez \u00eatre l'un de leurs fournisseurs.<\/h2>\t\t\t\t<\/div>\n\t\t\t\t<\/div>\n\t\t\t\t<\/div>\n\t\t\t\t<\/div>\n\t\t<div class=\"elementor-element elementor-element-acf4b7e e-con-full e-flex e-con e-child\" data-id=\"acf4b7e\" data-element_type=\"container\">\n\t\t<div class=\"elementor-element elementor-element-7b37827 e-con-full e-flex e-con e-child\" data-id=\"7b37827\" data-element_type=\"container\">\n\t\t\t\t<\/div>\n\t\t<div class=\"elementor-element elementor-element-292bc15 e-con-full e-flex e-con e-child\" data-id=\"292bc15\" data-element_type=\"container\">\n\t\t\t\t<div class=\"elementor-element elementor-element-53160e8 elementor-widget elementor-widget-heading\" data-id=\"53160e8\" data-element_type=\"widget\" data-widget_type=\"heading.default\">\n\t\t\t\t<div class=\"elementor-widget-container\">\n\t\t\t\t\t<h2 class=\"elementor-heading-title elementor-size-default\">Je veux \u00eatre fournisseur<\/h2>\t\t\t\t<\/div>\n\t\t\t\t<\/div>\n\t\t\t\t<div class=\"elementor-element elementor-element-fe2b4ec elementor-align-justify elementor-widget elementor-widget-button\" data-id=\"fe2b4ec\" data-element_type=\"widget\" data-widget_type=\"button.default\">\n\t\t\t\t<div class=\"elementor-widget-container\">\n\t\t\t\t\t\t\t\t\t<div class=\"elementor-button-wrapper\">\n\t\t\t\t\t<a class=\"elementor-button elementor-button-link elementor-size-sm\" href=\"https:\/\/ghistoursandtransfers.com\/fr\/devenez-affilie\/\">\n\t\t\t\t\t\t<span class=\"elementor-button-content-wrapper\">\n\t\t\t\t\t\t\t\t\t<span class=\"elementor-button-text\">Cliquez ici pour vous inscrire<\/span>\n\t\t\t\t\t<\/span>\n\t\t\t\t\t<\/a>\n\t\t\t\t<\/div>\n\t\t\t\t\t\t\t\t<\/div>\n\t\t\t\t<\/div>\n\t\t\t\t<\/div>\n\t\t\t\t<\/div>\n\t\t\t\t\t<\/div>\n\t\t\t\t<\/div>\n\t\t\t\t<\/div>\n\t\t\n    <div class=\"xs_social_share_widget xs_share_url after_content \t\tmain_content  wslu-style-1 wslu-share-box-shaped wslu-fill-colored wslu-none wslu-share-horizontal wslu-theme-font-no wslu-main_content\">\n\n\t\t\n        <ul>\n\t\t\t        <\/ul>\n    <\/div> \n","protected":false},"excerpt":{"rendered":"<p>Cela pourrait \u00eatre votre tourn\u00e9e ! Selon la soci\u00e9t\u00e9 Statista, chaque ann\u00e9e, plus de 290 000 000 de touristes r\u00e9servent des circuits et des activit\u00e9s dans le monde entier et vous pouvez \u00eatre l&rsquo;un de leurs fournisseurs. Je veux \u00eatre fournisseur Cliquez ici pour vous inscrire<\/p>\n","protected":false},"author":1,"featured_media":0,"parent":0,"menu_order":0,"comment_status":"closed","ping_status":"closed","template":"","meta":{"_joinchat":[],"footnotes":""},"class_list":["post-2706","page","type-page","status-publish","hentry"],"_links":{"self":[{"href":"https:\/\/ghistoursandtransfers.com\/fr\/wp-json\/wp\/v2\/pages\/2706","targetHints":{"allow":["GET"]}}],"collection":[{"href":"https:\/\/ghistoursandtransfers.com\/fr\/wp-json\/wp\/v2\/pages"}],"about":[{"href":"https:\/\/ghistoursandtransfers.com\/fr\/wp-json\/wp\/v2\/types\/page"}],"author":[{"embeddable":true,"href":"https:\/\/ghistoursandtransfers.com\/fr\/wp-json\/wp\/v2\/users\/1"}],"replies":[{"embeddable":true,"href":"https:\/\/ghistoursandtransfers.com\/fr\/wp-json\/wp\/v2\/comments?post=2706"}],"version-history":[{"count":2,"href":"https:\/\/ghistoursandtransfers.com\/fr\/wp-json\/wp\/v2\/pages\/2706\/revisions"}],"predecessor-version":[{"id":3689,"href":"https:\/\/ghistoursandtransfers.com\/fr\/wp-json\/wp\/v2\/pages\/2706\/revisions\/3689"}],"wp:attachment":[{"href":"https:\/\/ghistoursandtransfers.com\/fr\/wp-json\/wp\/v2\/media?parent=2706"}],"curies":[{"name":"wp","href":"https:\/\/api.w.org\/{rel}","templated":true}]}}