{"id":2821,"date":"2024-07-10T18:27:55","date_gmt":"2024-07-10T23:27:55","guid":{"rendered":"https:\/\/ghistoursandtransfers.com\/trip\/parc-archeologique-de-palenque\/"},"modified":"2025-02-22T11:25:31","modified_gmt":"2025-02-22T16:25:31","slug":"parc-archeologique-de-palenque","status":"publish","type":"product","link":"https:\/\/ghistoursandtransfers.com\/fr\/voyage\/parc-archeologique-de-palenque\/","title":{"rendered":"Parc arch\u00e9ologique de Palenque"},"content":{"rendered":"<p>Dans le parc arch\u00e9ologique de Palenque, au Chiapas, au Mexique, vous trouverez l&rsquo;une des villes mayas les plus impressionnantes et les mieux conserv\u00e9es. Au milieu d&rsquo;une for\u00eat tropicale luxuriante, vous verrez de majestueux temples et palais en pierre calcaire, orn\u00e9s de reliefs et de hi\u00e9roglyphes complexes qui racontent l&rsquo;histoire d&rsquo;anciens dirigeants et divinit\u00e9s. Le Temple des Inscriptions, connu pour son escalier int\u00e9rieur et le tombeau du roi Pakal, est l&rsquo;un des points forts. Vous pouvez \u00e9galement explorer le palais, avec ses nombreuses cours, galeries et l&#8217;embl\u00e9matique tour d&rsquo;observation. La combinaison de l&rsquo;architecture monumentale et de l&rsquo;environnement naturel fait de Palenque un lieu mystique et fascinant, offrant une fen\u00eatre unique sur la splendeur de la civilisation maya.    <\/p>\n\n    <div class=\"xs_social_share_widget xs_share_url after_content \t\tmain_content  wslu-style-1 wslu-share-box-shaped wslu-fill-colored wslu-none wslu-share-horizontal wslu-theme-font-no wslu-main_content\">\n\n\t\t\n        <ul>\n\t\t\t        <\/ul>\n    <\/div> \n","protected":false},"excerpt":{"rendered":"<p>Dans le parc arch\u00e9ologique de Palenque, au Chiapas, au Mexique, vous trouverez l&rsquo;une des villes mayas les plus impressionnantes et les mieux conserv\u00e9es. Au milieu d&rsquo;une for\u00eat tropicale luxuriante, vous verrez de majestueux temples et palais en pierre calcaire, orn\u00e9s de reliefs et de hi\u00e9roglyphes complexes qui racontent l&rsquo;histoire d&rsquo;anciens dirigeants et divinit\u00e9s. Le Temple [&hellip;]<\/p>\n","protected":false},"featured_media":2347,"comment_status":"open","ping_status":"closed","template":"","meta":{"_joinchat":[]},"product_brand":[],"product_cat":[408,378],"product_tag":[259,261,257,263,277,241,243,244,240,267,265,258,269,245,242],"class_list":{"0":"post-2821","1":"product","2":"type-product","3":"status-publish","4":"has-post-thumbnail","6":"product_cat-chiapas-fr","7":"product_cat-mexique","8":"product_tag-anniversaire","9":"product_tag-autres-celebrations","10":"product_tag-aventures-sportives","11":"product_tag-centres-commerciaux","12":"product_tag-des-vacances-passionnantes","13":"product_tag-excursions-dune-journee","14":"product_tag-experiences-sensorielles","15":"product_tag-fetes","16":"product_tag-ils-se-vendent-rapidement","17":"product_tag-location-de-yacht","18":"product_tag-louer-des-voitures","19":"product_tag-mariage-et-lune-de-miel","20":"product_tag-retraites-et-ceremonies-spirituelles","21":"product_tag-transferts","22":"product_tag-visites-nocturnes","24":"first","25":"instock","26":"shipping-taxable","27":"product-type-external"},"_links":{"self":[{"href":"https:\/\/ghistoursandtransfers.com\/fr\/wp-json\/wp\/v2\/product\/2821","targetHints":{"allow":["GET"]}}],"collection":[{"href":"https:\/\/ghistoursandtransfers.com\/fr\/wp-json\/wp\/v2\/product"}],"about":[{"href":"https:\/\/ghistoursandtransfers.com\/fr\/wp-json\/wp\/v2\/types\/product"}],"replies":[{"embeddable":true,"href":"https:\/\/ghistoursandtransfers.com\/fr\/wp-json\/wp\/v2\/comments?post=2821"}],"version-history":[{"count":1,"href":"https:\/\/ghistoursandtransfers.com\/fr\/wp-json\/wp\/v2\/product\/2821\/revisions"}],"predecessor-version":[{"id":4264,"href":"https:\/\/ghistoursandtransfers.com\/fr\/wp-json\/wp\/v2\/product\/2821\/revisions\/4264"}],"wp:featuredmedia":[{"embeddable":true,"href":"https:\/\/ghistoursandtransfers.com\/fr\/wp-json\/wp\/v2\/media\/2347"}],"wp:attachment":[{"href":"https:\/\/ghistoursandtransfers.com\/fr\/wp-json\/wp\/v2\/media?parent=2821"}],"wp:term":[{"taxonomy":"product_brand","embeddable":true,"href":"https:\/\/ghistoursandtransfers.com\/fr\/wp-json\/wp\/v2\/product_brand?post=2821"},{"taxonomy":"product_cat","embeddable":true,"href":"https:\/\/ghistoursandtransfers.com\/fr\/wp-json\/wp\/v2\/product_cat?post=2821"},{"taxonomy":"product_tag","embeddable":true,"href":"https:\/\/ghistoursandtransfers.com\/fr\/wp-json\/wp\/v2\/product_tag?post=2821"}],"curies":[{"name":"wp","href":"https:\/\/api.w.org\/{rel}","templated":true}]}}