{"id":2846,"date":"2024-05-25T19:53:13","date_gmt":"2024-05-26T00:53:13","guid":{"rendered":"https:\/\/ghistoursandtransfers.com\/trip\/visite-dune-communaute-maya\/"},"modified":"2025-02-22T11:25:38","modified_gmt":"2025-02-22T16:25:38","slug":"visite-dune-communaute-maya","status":"publish","type":"product","link":"https:\/\/ghistoursandtransfers.com\/fr\/voyage\/visite-dune-communaute-maya\/","title":{"rendered":"Visite d&rsquo;une communaut\u00e9 maya"},"content":{"rendered":"<div class=\"a-text--first-content _for-copy-large u-hide--mobile\">\n<p><strong>Vous \u00eates-vous d\u00e9j\u00e0 demand\u00e9 \u00e0 quoi ressemble une c\u00e9r\u00e9monie temazcal ?<\/strong> Et que mangeaient les anciens peuples autochtones ? Vous d\u00e9couvrirez ces exp\u00e9riences et bien d\u2019autres encore lors de cette visite dans une communaut\u00e9 maya.  <\/div>\n<div id=\"l-768-calendar-anchor\"><\/div>\n<div id=\"new-fading-text\" class=\"new-fading-text _loaded u-no-before show-hidden-elements\">\n<div class=\"o-activity-description\">\n<h2>Itin\u00e9raire<\/h2>\n<p> Nous viendrons vous chercher \u00e0 votre h\u00f4tel sur la Riviera Maya \u00e0 l&rsquo;heure indiqu\u00e9e pour vous diriger vers le c\u0153ur de la <strong>jungle mexicaine<\/strong>. \u00cates-vous pr\u00eat \u00e0 passer <strong>une authentique soir\u00e9e maya <\/strong>? Nous visiterons une <strong>communaut\u00e9 maya <\/strong>o\u00f9 nous d\u00e9couvrirons le mode de vie de ses habitants, ainsi que les anciennes traditions avec lesquelles ils continuent de coexister depuis l&rsquo;Antiquit\u00e9. D\u00e8s notre arriv\u00e9e, les indig\u00e8nes nous accueilleront et nous guideront dans <strong>une visite de leur village.<\/strong>    <\/p>\n<p class=\"new-fading-text__hidden-element\">Plus tard, ils nous montreront \u00e0 quoi ressemble leur vie quotidienne et nous assisterons \u00e0 un atelier dans lequel nous apprendrons \u00e0<strong> pr\u00e9parer des tortillas mexicaines. <\/strong>Ensuite, nous verrons<strong> les Mayas c\u00e9l\u00e9brer une c\u00e9r\u00e9monie<\/strong> du feu et nous participerons au <strong>temazcal<\/strong>, l&rsquo;un de leurs rituels de <strong>culte \u00e0 la Terre M\u00e8re<\/strong>. C&rsquo;est un <strong>bain de vapeur<\/strong> aux pierres volcaniques avec lequel vous purifierez votre corps.  <\/p>\n<p class=\"new-fading-text__hidden-element\"><strong>Plus tard, nous irons dans un c\u00e9note, un lieu que les Mayas consid\u00e9raient comme sacr\u00e9.<\/strong> Ici, vous aurez le temps de prendre un bain dans ses eaux cristallines. Ensuite, nous mettrons la touche finale \u00e0 la soir\u00e9e avec u<strong>n d\u00eener typiquement maya,<\/strong> que nous accompagnerons d&rsquo;un verre rafra\u00eechissant <strong>d&rsquo;eau jama\u00efcaine.<\/strong>  <\/p>\n<p class=\"new-fading-text__hidden-element\">Nous terminerons la visite en vous ramenant \u00e0 votre h\u00f4tel vers 22h30.<\/p>\n<\/div>\n<\/div>\n\n    <div class=\"xs_social_share_widget xs_share_url after_content \t\tmain_content  wslu-style-1 wslu-share-box-shaped wslu-fill-colored wslu-none wslu-share-horizontal wslu-theme-font-no wslu-main_content\">\n\n\t\t\n        <ul>\n\t\t\t        <\/ul>\n    <\/div> \n","protected":false},"excerpt":{"rendered":"<p>Vous \u00eates-vous d\u00e9j\u00e0 demand\u00e9 \u00e0 quoi ressemble une c\u00e9r\u00e9monie temazcal ? Et que mangeaient les anciens peuples autochtones ? Vous d\u00e9couvrirez ces exp\u00e9riences et bien d\u2019autres encore lors de cette visite dans une communaut\u00e9 maya. Itin\u00e9raire Nous viendrons vous chercher \u00e0 votre h\u00f4tel sur la Riviera Maya \u00e0 l&rsquo;heure indiqu\u00e9e pour vous diriger vers le [&hellip;]<\/p>\n","protected":false},"featured_media":1761,"comment_status":"open","ping_status":"closed","template":"","meta":{"_joinchat":[]},"product_brand":[],"product_cat":[405,406,378],"product_tag":[259,261,263,241,244,240,265,258,245,242],"class_list":{"0":"post-2846","1":"product","2":"type-product","3":"status-publish","4":"has-post-thumbnail","6":"product_cat-cancun-fr","7":"product_cat-quintana-roo-fr","8":"product_cat-mexique","9":"product_tag-anniversaire","10":"product_tag-autres-celebrations","11":"product_tag-centres-commerciaux","12":"product_tag-excursions-dune-journee","13":"product_tag-fetes","14":"product_tag-ils-se-vendent-rapidement","15":"product_tag-louer-des-voitures","16":"product_tag-mariage-et-lune-de-miel","17":"product_tag-transferts","18":"product_tag-visites-nocturnes","20":"first","21":"instock","22":"shipping-taxable","23":"product-type-external"},"_links":{"self":[{"href":"https:\/\/ghistoursandtransfers.com\/fr\/wp-json\/wp\/v2\/product\/2846","targetHints":{"allow":["GET"]}}],"collection":[{"href":"https:\/\/ghistoursandtransfers.com\/fr\/wp-json\/wp\/v2\/product"}],"about":[{"href":"https:\/\/ghistoursandtransfers.com\/fr\/wp-json\/wp\/v2\/types\/product"}],"replies":[{"embeddable":true,"href":"https:\/\/ghistoursandtransfers.com\/fr\/wp-json\/wp\/v2\/comments?post=2846"}],"version-history":[{"count":1,"href":"https:\/\/ghistoursandtransfers.com\/fr\/wp-json\/wp\/v2\/product\/2846\/revisions"}],"predecessor-version":[{"id":4312,"href":"https:\/\/ghistoursandtransfers.com\/fr\/wp-json\/wp\/v2\/product\/2846\/revisions\/4312"}],"wp:featuredmedia":[{"embeddable":true,"href":"https:\/\/ghistoursandtransfers.com\/fr\/wp-json\/wp\/v2\/media\/1761"}],"wp:attachment":[{"href":"https:\/\/ghistoursandtransfers.com\/fr\/wp-json\/wp\/v2\/media?parent=2846"}],"wp:term":[{"taxonomy":"product_brand","embeddable":true,"href":"https:\/\/ghistoursandtransfers.com\/fr\/wp-json\/wp\/v2\/product_brand?post=2846"},{"taxonomy":"product_cat","embeddable":true,"href":"https:\/\/ghistoursandtransfers.com\/fr\/wp-json\/wp\/v2\/product_cat?post=2846"},{"taxonomy":"product_tag","embeddable":true,"href":"https:\/\/ghistoursandtransfers.com\/fr\/wp-json\/wp\/v2\/product_tag?post=2846"}],"curies":[{"name":"wp","href":"https:\/\/api.w.org\/{rel}","templated":true}]}}