{"id":4345,"date":"2025-02-25T20:58:39","date_gmt":"2025-02-26T01:58:39","guid":{"rendered":"https:\/\/ghistoursandtransfers.com\/trip\/los-cabos-decouvrez-larche-lors-de-la-visite-emblematique-en-bateau-transparent\/"},"modified":"2025-02-25T20:58:39","modified_gmt":"2025-02-26T01:58:39","slug":"los-cabos-decouvrez-larche-lors-de-la-visite-emblematique-en-bateau-transparent","status":"publish","type":"product","link":"https:\/\/ghistoursandtransfers.com\/fr\/voyage\/los-cabos-decouvrez-larche-lors-de-la-visite-emblematique-en-bateau-transparent\/","title":{"rendered":"Los Cabos : d\u00e9couvrez l&rsquo;arche lors de la visite embl\u00e9matique en bateau transparent"},"content":{"rendered":"<p>D\u00e9couvrez Cabo dans toute sa splendeur ! D\u00e9couvrez la c\u00e9l\u00e8bre arche depuis le c\u00e9l\u00e8bre bateau transparent, les incroyables formations rocheuses, les poissons tropicaux, les r\u00e9cifs, les plages, la c\u00e9l\u00e8bre arche et bien plus encore. <\/p>\n\n    <div class=\"xs_social_share_widget xs_share_url after_content \t\tmain_content  wslu-style-1 wslu-share-box-shaped wslu-fill-colored wslu-none wslu-share-horizontal wslu-theme-font-no wslu-main_content\">\n\n\t\t\n        <ul>\n\t\t\t        <\/ul>\n    <\/div> \n","protected":false},"excerpt":{"rendered":"<p>D\u00e9couvrez Cabo dans toute sa splendeur ! D\u00e9couvrez la c\u00e9l\u00e8bre arche depuis le c\u00e9l\u00e8bre bateau transparent, les incroyables formations rocheuses, les poissons tropicaux, les r\u00e9cifs, les plages, la c\u00e9l\u00e8bre arche et bien plus encore.<\/p>\n","protected":false},"featured_media":4318,"comment_status":"open","ping_status":"closed","template":"","meta":{"_joinchat":[]},"product_brand":[],"product_cat":[490,378],"product_tag":[259,261,257,263,277,241,243,244,240,267,265,258,269,245,242],"class_list":{"0":"post-4345","1":"product","2":"type-product","3":"status-publish","4":"has-post-thumbnail","6":"product_cat-los-cabos-fr","7":"product_cat-mexique","8":"product_tag-anniversaire","9":"product_tag-autres-celebrations","10":"product_tag-aventures-sportives","11":"product_tag-centres-commerciaux","12":"product_tag-des-vacances-passionnantes","13":"product_tag-excursions-dune-journee","14":"product_tag-experiences-sensorielles","15":"product_tag-fetes","16":"product_tag-ils-se-vendent-rapidement","17":"product_tag-location-de-yacht","18":"product_tag-louer-des-voitures","19":"product_tag-mariage-et-lune-de-miel","20":"product_tag-retraites-et-ceremonies-spirituelles","21":"product_tag-transferts","22":"product_tag-visites-nocturnes","24":"first","25":"instock","26":"shipping-taxable","27":"product-type-external"},"_links":{"self":[{"href":"https:\/\/ghistoursandtransfers.com\/fr\/wp-json\/wp\/v2\/product\/4345","targetHints":{"allow":["GET"]}}],"collection":[{"href":"https:\/\/ghistoursandtransfers.com\/fr\/wp-json\/wp\/v2\/product"}],"about":[{"href":"https:\/\/ghistoursandtransfers.com\/fr\/wp-json\/wp\/v2\/types\/product"}],"replies":[{"embeddable":true,"href":"https:\/\/ghistoursandtransfers.com\/fr\/wp-json\/wp\/v2\/comments?post=4345"}],"version-history":[{"count":0,"href":"https:\/\/ghistoursandtransfers.com\/fr\/wp-json\/wp\/v2\/product\/4345\/revisions"}],"wp:featuredmedia":[{"embeddable":true,"href":"https:\/\/ghistoursandtransfers.com\/fr\/wp-json\/wp\/v2\/media\/4318"}],"wp:attachment":[{"href":"https:\/\/ghistoursandtransfers.com\/fr\/wp-json\/wp\/v2\/media?parent=4345"}],"wp:term":[{"taxonomy":"product_brand","embeddable":true,"href":"https:\/\/ghistoursandtransfers.com\/fr\/wp-json\/wp\/v2\/product_brand?post=4345"},{"taxonomy":"product_cat","embeddable":true,"href":"https:\/\/ghistoursandtransfers.com\/fr\/wp-json\/wp\/v2\/product_cat?post=4345"},{"taxonomy":"product_tag","embeddable":true,"href":"https:\/\/ghistoursandtransfers.com\/fr\/wp-json\/wp\/v2\/product_tag?post=4345"}],"curies":[{"name":"wp","href":"https:\/\/api.w.org\/{rel}","templated":true}]}}