{"id":4373,"date":"2025-02-25T21:07:44","date_gmt":"2025-02-26T02:07:44","guid":{"rendered":"https:\/\/ghistoursandtransfers.com\/trip\/puerto-vallarta-observation-de-baleines-et-de-dauphins\/"},"modified":"2025-02-25T21:07:44","modified_gmt":"2025-02-26T02:07:44","slug":"puerto-vallarta-observation-de-baleines-et-de-dauphins","status":"publish","type":"product","link":"https:\/\/ghistoursandtransfers.com\/fr\/voyage\/puerto-vallarta-observation-de-baleines-et-de-dauphins\/","title":{"rendered":"Puerto Vallarta \u2013 Observation de baleines et de dauphins"},"content":{"rendered":"<p>Cette excursion d&rsquo;observation des baleines vous offre l&rsquo;occasion de donner en retour de vos vacances \u00e0 Puerto Vallarta. Accompagn\u00e9 d&rsquo;un guide biologiste, vous verrez de pr\u00e8s les baleines \u00e0 bosse, ainsi que les dauphins, les tortues et les raies manta g\u00e9antes dans leur milieu naturel et participerez \u00e0 un projet de recherche qui contribue \u00e0 leur protection. <\/p>\n\n    <div class=\"xs_social_share_widget xs_share_url after_content \t\tmain_content  wslu-style-1 wslu-share-box-shaped wslu-fill-colored wslu-none wslu-share-horizontal wslu-theme-font-no wslu-main_content\">\n\n\t\t\n        <ul>\n\t\t\t        <\/ul>\n    <\/div> \n","protected":false},"excerpt":{"rendered":"<p>Cette excursion d&rsquo;observation des baleines vous offre l&rsquo;occasion de donner en retour de vos vacances \u00e0 Puerto Vallarta. Accompagn\u00e9 d&rsquo;un guide biologiste, vous verrez de pr\u00e8s les baleines \u00e0 bosse, ainsi que les dauphins, les tortues et les raies manta g\u00e9antes dans leur milieu naturel et participerez \u00e0 un projet de recherche qui contribue \u00e0 [&hellip;]<\/p>\n","protected":false},"featured_media":4349,"comment_status":"open","ping_status":"closed","template":"","meta":{"_joinchat":[]},"product_brand":[],"product_cat":[493,378],"product_tag":[259,261,257,263,277,241,243,244,240,267,265,258,269,245,242],"class_list":{"0":"post-4373","1":"product","2":"type-product","3":"status-publish","4":"has-post-thumbnail","6":"product_cat-puerto-vallarta-fr","7":"product_cat-mexique","8":"product_tag-anniversaire","9":"product_tag-autres-celebrations","10":"product_tag-aventures-sportives","11":"product_tag-centres-commerciaux","12":"product_tag-des-vacances-passionnantes","13":"product_tag-excursions-dune-journee","14":"product_tag-experiences-sensorielles","15":"product_tag-fetes","16":"product_tag-ils-se-vendent-rapidement","17":"product_tag-location-de-yacht","18":"product_tag-louer-des-voitures","19":"product_tag-mariage-et-lune-de-miel","20":"product_tag-retraites-et-ceremonies-spirituelles","21":"product_tag-transferts","22":"product_tag-visites-nocturnes","24":"first","25":"instock","26":"shipping-taxable","27":"product-type-external"},"_links":{"self":[{"href":"https:\/\/ghistoursandtransfers.com\/fr\/wp-json\/wp\/v2\/product\/4373","targetHints":{"allow":["GET"]}}],"collection":[{"href":"https:\/\/ghistoursandtransfers.com\/fr\/wp-json\/wp\/v2\/product"}],"about":[{"href":"https:\/\/ghistoursandtransfers.com\/fr\/wp-json\/wp\/v2\/types\/product"}],"replies":[{"embeddable":true,"href":"https:\/\/ghistoursandtransfers.com\/fr\/wp-json\/wp\/v2\/comments?post=4373"}],"version-history":[{"count":0,"href":"https:\/\/ghistoursandtransfers.com\/fr\/wp-json\/wp\/v2\/product\/4373\/revisions"}],"wp:featuredmedia":[{"embeddable":true,"href":"https:\/\/ghistoursandtransfers.com\/fr\/wp-json\/wp\/v2\/media\/4349"}],"wp:attachment":[{"href":"https:\/\/ghistoursandtransfers.com\/fr\/wp-json\/wp\/v2\/media?parent=4373"}],"wp:term":[{"taxonomy":"product_brand","embeddable":true,"href":"https:\/\/ghistoursandtransfers.com\/fr\/wp-json\/wp\/v2\/product_brand?post=4373"},{"taxonomy":"product_cat","embeddable":true,"href":"https:\/\/ghistoursandtransfers.com\/fr\/wp-json\/wp\/v2\/product_cat?post=4373"},{"taxonomy":"product_tag","embeddable":true,"href":"https:\/\/ghistoursandtransfers.com\/fr\/wp-json\/wp\/v2\/product_tag?post=4373"}],"curies":[{"name":"wp","href":"https:\/\/api.w.org\/{rel}","templated":true}]}}